{"id":1139,"date":"2024-11-21T12:43:15","date_gmt":"2024-11-21T11:43:15","guid":{"rendered":"https:\/\/glass-restore.top-energiedin.com\/?page_id=1139"},"modified":"2025-12-19T15:59:16","modified_gmt":"2025-12-19T15:59:16","slug":"privacy-policy","status":"publish","type":"page","link":"https:\/\/glass-restore.be\/en\/privacy-policy\/","title":{"rendered":"Privacy policy"},"content":{"rendered":"<div data-elementor-type=\"wp-page\" data-elementor-id=\"1139\" class=\"elementor elementor-1139\" data-elementor-post-type=\"page\">\n\t\t\t\t<div class=\"elementor-element elementor-element-f44e3dd e-flex e-con-boxed e-con e-parent\" data-id=\"f44e3dd\" data-element_type=\"container\" data-e-type=\"container\" data-settings=\"{&quot;background_background&quot;:&quot;classic&quot;}\">\n\t\t\t\t\t<div class=\"e-con-inner\">\n\t\t\t\t<div class=\"elementor-element elementor-element-048b3f3 elementor-widget elementor-widget-heading\" data-id=\"048b3f3\" data-element_type=\"widget\" data-e-type=\"widget\" data-widget_type=\"heading.default\">\n\t\t\t\t<div class=\"elementor-widget-container\">\n\t\t\t\t\t<div class=\"elementor-heading-title elementor-size-default\">GLASS RESTORE<\/div>\t\t\t\t<\/div>\n\t\t\t\t<\/div>\n\t\t\t\t<div class=\"elementor-element elementor-element-eff4bb6 elementor-widget elementor-widget-heading\" data-id=\"eff4bb6\" data-element_type=\"widget\" data-e-type=\"widget\" data-widget_type=\"heading.default\">\n\t\t\t\t<div class=\"elementor-widget-container\">\n\t\t\t\t\t<h1 class=\"elementor-heading-title elementor-size-default\">Privacy policy<\/h1>\t\t\t\t<\/div>\n\t\t\t\t<\/div>\n\t\t\t\t\t<\/div>\n\t\t\t\t<\/div>\n\t\t<div class=\"elementor-element elementor-element-d0d8fde e-flex e-con-boxed e-con e-parent\" data-id=\"d0d8fde\" data-element_type=\"container\" data-e-type=\"container\">\n\t\t\t\t\t<div class=\"e-con-inner\">\n\t\t<div class=\"elementor-element elementor-element-beb096b e-con-full e-flex e-con e-child\" data-id=\"beb096b\" data-element_type=\"container\" data-e-type=\"container\">\n\t\t\t\t<div class=\"elementor-element elementor-element-3ada996 elementor-widget__width-initial elementor-widget elementor-widget-heading\" data-id=\"3ada996\" data-element_type=\"widget\" data-e-type=\"widget\" data-widget_type=\"heading.default\">\n\t\t\t\t<div class=\"elementor-widget-container\">\n\t\t\t\t\t<div class=\"elementor-heading-title elementor-size-default\">Privacy policy GLASS RESTORE<\/div>\t\t\t\t<\/div>\n\t\t\t\t<\/div>\n\t\t\t\t<div class=\"elementor-element elementor-element-a12a3f5 elementor-widget elementor-widget-text-editor\" data-id=\"a12a3f5\" data-element_type=\"widget\" data-e-type=\"widget\" data-widget_type=\"text-editor.default\">\n\t\t\t\t<div class=\"elementor-widget-container\">\n\t\t\t\t\t\t\t\t\t<p>Use of the site <a href=\"\/en\/\">https:\/\/glass-restore.be\/<\/a> implies full acceptance of the general conditions of use described below. They may be modified or supplemented at any time, so please consult them regularly.<\/p><h2>Description of services provided<\/h2><p>Le site <a href=\"\/en\/\">https:\/\/glass-restore.be\/<\/a> is to provide information concerning all of the company's activities.<\/p><p>Le site est mis \u00e0 jour r\u00e9guli\u00e8rement par l\u2019\u00e9quipe de Glass Restore.\u00a0 De la m\u00eame fa\u00e7on, les mentions l\u00e9gales peuvent \u00e0 tout moment \u00eatre modifi\u00e9es : Elles s\u2019imposent n\u00e9anmoins \u00e0 l\u2019utilisateur qui est invit\u00e9 \u00e0 s\u2019y r\u00e9f\u00e9rer le plus souvent possible afin d\u2019en prendre connaissance. Toutefois, il ne pourra \u00eatre tenue responsable des omissions, des inexactitudes et des carences dans la mise \u00e0 jour, qu\u2019elles soient de son fait ou du fait des tiers partenaires qui lui fournissent ces informations.<\/p><p>All information on the website <a href=\"\/en\/\">https:\/\/glass-restore.be\/<\/a> are given for information only, and are subject to change. Furthermore, the information provided on the\u00a0 <a href=\"\/en\/\">https:\/\/glass-restore.be\/<\/a> are not exhaustive. They are subject to any changes that may have been made since they were put online.<\/p><h2>Cookies<\/h2><p>A cookie is a small file which does not allow the user to be identified, but which records information relating to the navigation of a computer on a site. The data thus obtained is intended to facilitate subsequent browsing of the site, and is also used to measure visitor numbers.<\/p><p>Site navigation <a href=\"\/en\/\">https:\/\/glass-restore.be\/<\/a> is likely to cause the installation of cookie(s) on the user's computer.<\/p><p>Refusal to install a cookie may make it impossible to access certain services. Users may, however, configure their computer to refuse the installation of cookies.<\/p><p>La pr\u00e9sente politique a pour objet de vous informer de la mani\u00e8re dont nous, soci\u00e9t\u00e9 Glass-Restore, responsable du traitement, utilisons et prot\u00e9geons vos donn\u00e9es personnelles, ainsi que les raisons pour lesquelles nous traitons vos donn\u00e9es.<\/p><h2>1 - What personal data do we collect?<\/h2><p>The personal data entrusted to us are your surname, first name, address, telephone number and e-mail address. We take care to limit the personal data we collect to what is strictly necessary to enable us to manage our customers, prospects and suppliers, and to comply with our regulatory obligations. We treat it with the utmost care and respect.<\/p><h2>2 - How do we collect your personal data?<\/h2><p>We collect personal data either directly from you, by telephone or on our site, or they are transmitted to us by a third party to whom you have given your consent.<\/p><h2>3 - What are the legal bases for the use of your personal data?<\/h2><p>We need to process your data in order to process your request for information and to prepare a quotation. We may also need to use your personal data to comply with legal obligations.<\/p><h2>4 - How and where do we store your personal data?<\/h2><p>The personal data we hold is stored on our computers, our cell phones in some cases, and our web host. We make every effort to store personal data in the safest and most secure way, and to keep it only for as long as necessary. We take appropriate physical, technical and organizational measures to prevent, as far as possible, any violation of personal data.<\/p><h2>5 - How long do we keep your personal data?<\/h2><p>We keep your personal data for as long as is necessary for our relationship.<\/p><h2>6 - Exercising your rights<\/h2><p>You have a right of access, rectification, deletion and portability of your personal data held by us, which you may exercise directly.<\/p>\t\t\t\t\t\t\t\t<\/div>\n\t\t\t\t<\/div>\n\t\t\t\t<\/div>\n\t\t\t\t\t<\/div>\n\t\t\t\t<\/div>\n\t\t\t\t<\/div>","protected":false},"excerpt":{"rendered":"<p>GLASS RESTORE Privacy policy Privacy policy GLASS RESTORE Use of the https:\/\/glass-restore.be\/ website implies full acceptance of the general conditions of use described below. They may be modified or supplemented at any time, so please consult them regularly. Description of services provided The purpose of the https:\/\/glass-restore.be\/ website is to [...]<\/p>","protected":false},"author":1,"featured_media":0,"parent":0,"menu_order":0,"comment_status":"closed","ping_status":"closed","template":"","meta":{"footnotes":""},"class_list":["post-1139","page","type-page","status-publish","hentry"],"_links":{"self":[{"href":"https:\/\/glass-restore.be\/en\/wp-json\/wp\/v2\/pages\/1139","targetHints":{"allow":["GET"]}}],"collection":[{"href":"https:\/\/glass-restore.be\/en\/wp-json\/wp\/v2\/pages"}],"about":[{"href":"https:\/\/glass-restore.be\/en\/wp-json\/wp\/v2\/types\/page"}],"author":[{"embeddable":true,"href":"https:\/\/glass-restore.be\/en\/wp-json\/wp\/v2\/users\/1"}],"replies":[{"embeddable":true,"href":"https:\/\/glass-restore.be\/en\/wp-json\/wp\/v2\/comments?post=1139"}],"version-history":[{"count":0,"href":"https:\/\/glass-restore.be\/en\/wp-json\/wp\/v2\/pages\/1139\/revisions"}],"wp:attachment":[{"href":"https:\/\/glass-restore.be\/en\/wp-json\/wp\/v2\/media?parent=1139"}],"curies":[{"name":"wp","href":"https:\/\/api.w.org\/{rel}","templated":true}]}}