{"id":1139,"date":"2024-11-21T12:43:15","date_gmt":"2024-11-21T11:43:15","guid":{"rendered":"https:\/\/glass-restore.top-energiedin.com\/?page_id=1139"},"modified":"2025-12-19T15:59:16","modified_gmt":"2025-12-19T15:59:16","slug":"privacybeleid","status":"publish","type":"page","link":"https:\/\/glass-restore.be\/nl\/privacybeleid\/","title":{"rendered":"Privacybeleid"},"content":{"rendered":"<div data-elementor-type=\"wp-page\" data-elementor-id=\"1139\" class=\"elementor elementor-1139\" data-elementor-post-type=\"page\">\n\t\t\t\t<div class=\"elementor-element elementor-element-f44e3dd e-flex e-con-boxed e-con e-parent\" data-id=\"f44e3dd\" data-element_type=\"container\" data-e-type=\"container\" data-settings=\"{&quot;background_background&quot;:&quot;classic&quot;}\">\n\t\t\t\t\t<div class=\"e-con-inner\">\n\t\t\t\t<div class=\"elementor-element elementor-element-048b3f3 elementor-widget elementor-widget-heading\" data-id=\"048b3f3\" data-element_type=\"widget\" data-e-type=\"widget\" data-widget_type=\"heading.default\">\n\t\t\t\t<div class=\"elementor-widget-container\">\n\t\t\t\t\t<div class=\"elementor-heading-title elementor-size-default\">GLAS HERSTELLEN<\/div>\t\t\t\t<\/div>\n\t\t\t\t<\/div>\n\t\t\t\t<div class=\"elementor-element elementor-element-eff4bb6 elementor-widget elementor-widget-heading\" data-id=\"eff4bb6\" data-element_type=\"widget\" data-e-type=\"widget\" data-widget_type=\"heading.default\">\n\t\t\t\t<div class=\"elementor-widget-container\">\n\t\t\t\t\t<h1 class=\"elementor-heading-title elementor-size-default\">Privacybeleid<\/h1>\t\t\t\t<\/div>\n\t\t\t\t<\/div>\n\t\t\t\t\t<\/div>\n\t\t\t\t<\/div>\n\t\t<div class=\"elementor-element elementor-element-d0d8fde e-flex e-con-boxed e-con e-parent\" data-id=\"d0d8fde\" data-element_type=\"container\" data-e-type=\"container\">\n\t\t\t\t\t<div class=\"e-con-inner\">\n\t\t<div class=\"elementor-element elementor-element-beb096b e-con-full e-flex e-con e-child\" data-id=\"beb096b\" data-element_type=\"container\" data-e-type=\"container\">\n\t\t\t\t<div class=\"elementor-element elementor-element-3ada996 elementor-widget__width-initial elementor-widget elementor-widget-heading\" data-id=\"3ada996\" data-element_type=\"widget\" data-e-type=\"widget\" data-widget_type=\"heading.default\">\n\t\t\t\t<div class=\"elementor-widget-container\">\n\t\t\t\t\t<div class=\"elementor-heading-title elementor-size-default\">Privacybeleid GLASS RESTORE<\/div>\t\t\t\t<\/div>\n\t\t\t\t<\/div>\n\t\t\t\t<div class=\"elementor-element elementor-element-a12a3f5 elementor-widget elementor-widget-text-editor\" data-id=\"a12a3f5\" data-element_type=\"widget\" data-e-type=\"widget\" data-widget_type=\"text-editor.default\">\n\t\t\t\t<div class=\"elementor-widget-container\">\n\t\t\t\t\t\t\t\t\t<p>Gebruik van de site <a href=\"\/nl\/\">https:\/\/glass-restore.be\/<\/a> impliceert volledige acceptatie van de algemene gebruiksvoorwaarden die hieronder worden beschreven. Ze kunnen op elk moment worden gewijzigd of aangevuld, dus raadpleeg ze regelmatig.<\/p><h2>Beschrijving van geleverde diensten<\/h2><p>De website <a href=\"\/nl\/\">https:\/\/glass-restore.be\/<\/a> is informatie verstrekken over alle activiteiten van het bedrijf.<\/p><p>Le site est mis \u00e0 jour r\u00e9guli\u00e8rement par l\u2019\u00e9quipe de Glass Restore.\u00a0 De la m\u00eame fa\u00e7on, les mentions l\u00e9gales peuvent \u00e0 tout moment \u00eatre modifi\u00e9es : Elles s\u2019imposent n\u00e9anmoins \u00e0 l\u2019utilisateur qui est invit\u00e9 \u00e0 s\u2019y r\u00e9f\u00e9rer le plus souvent possible afin d\u2019en prendre connaissance. Toutefois, il ne pourra \u00eatre tenue responsable des omissions, des inexactitudes et des carences dans la mise \u00e0 jour, qu\u2019elles soient de son fait ou du fait des tiers partenaires qui lui fournissent ces informations.<\/p><p>Alle informatie op de website <a href=\"\/nl\/\">https:\/\/glass-restore.be\/<\/a> worden louter ter informatie gegeven en kunnen worden gewijzigd. Bovendien is de informatie op de\u00a0 <a href=\"\/nl\/\">https:\/\/glass-restore.be\/<\/a> zijn niet volledig. Ze worden gegeven onder voorbehoud van eventuele wijzigingen die zijn aangebracht sinds ze online zijn gezet.<\/p><h2>Cookies<\/h2><p>Een cookie is een klein bestand waarmee de gebruiker niet kan worden ge\u00efdentificeerd, maar dat informatie registreert over het surfen van een computer op een site. De op deze manier verkregen gegevens zijn bedoeld om later surfen op de site te vergemakkelijken en worden ook gebruikt om bezoekersaantallen te meten.<\/p><p>De site doorbladeren <a href=\"\/nl\/\">https:\/\/glass-restore.be\/<\/a> kan ervoor zorgen dat cookies op de computer van de gebruiker worden ge\u00efnstalleerd.<\/p><p>Als u de installatie van een cookie weigert, kan het zijn dat u geen toegang krijgt tot bepaalde diensten. Gebruikers kunnen hun computer echter zo instellen dat de installatie van cookies wordt geweigerd.<\/p><p>La pr\u00e9sente politique a pour objet de vous informer de la mani\u00e8re dont nous, soci\u00e9t\u00e9 Glass-Restore, responsable du traitement, utilisons et prot\u00e9geons vos donn\u00e9es personnelles, ainsi que les raisons pour lesquelles nous traitons vos donn\u00e9es.<\/p><h2>1 - Welke persoonlijke gegevens verzamelen we?<\/h2><p>De persoonlijke gegevens die aan ons worden toevertrouwd zijn uw naam, voornaam, adres, telefoonnummer en e-mailadres. We zorgen ervoor dat we de persoonlijke gegevens die we verzamelen beperken tot wat strikt noodzakelijk is om ons in staat te stellen onze klanten, prospecten of leveranciers te beheren en om te voldoen aan onze wettelijke verplichtingen. We behandelen ze met de grootst mogelijke zorg en respect.<\/p><h2>2 - Hoe verzamelen we uw persoonlijke gegevens?<\/h2><p>We verzamelen persoonlijke gegevens rechtstreeks van u, per telefoon of op onze site, of ze worden ons toegestuurd door een derde partij aan wie u toestemming hebt gegeven.<\/p><h2>3 - Wat zijn de rechtsgronden voor het gebruik van uw persoonlijke gegevens?<\/h2><p>We moeten uw gegevens verwerken in verband met uw verzoek om informatie en om een offerte op te stellen. Mogelijk moeten we uw persoonlijke gegevens ook gebruiken om te voldoen aan wettelijke verplichtingen.<\/p><h2>4 - Hoe en waar slaan we uw persoonlijke gegevens op?<\/h2><p>De persoonlijke gegevens die wij bewaren, worden opgeslagen op onze computers, in sommige gevallen op onze mobiele telefoons en in onze webhost. We doen er alles aan om persoonlijke gegevens zo veilig mogelijk op te slaan, en alleen zo lang als nodig is. We nemen passende fysieke, technische en organisatorische maatregelen om inbreuk op persoonsgegevens zoveel mogelijk te voorkomen.<\/p><h2>5 - Hoe lang bewaren we uw persoonlijke gegevens?<\/h2><p>We bewaren je persoonlijke gegevens zo lang als nodig is voor onze relatie.<\/p><h2>6 - Je rechten uitoefenen<\/h2><p>U hebt recht op toegang tot en rectificatie, verwijdering en overdraagbaarheid van uw persoonlijke gegevens die door ons worden bewaard.<\/p>\t\t\t\t\t\t\t\t<\/div>\n\t\t\t\t<\/div>\n\t\t\t\t<\/div>\n\t\t\t\t\t<\/div>\n\t\t\t\t<\/div>\n\t\t\t\t<\/div>","protected":false},"excerpt":{"rendered":"<p>GLASS RESTORE Politique de confidentialit\u00e9 Politique de confidentialit\u00e9\u200b GLASS RESTORE L\u2019utilisation du site https:\/\/glass-restore.be\/ implique l\u2019acceptation pleine et enti\u00e8re des conditions g\u00e9n\u00e9rales d\u2019utilisation ci-apr\u00e8s d\u00e9crites. Elles sont susceptibles d\u2019\u00eatre modifi\u00e9es ou compl\u00e9t\u00e9es \u00e0 tout moment, vous \u00eates donc invit\u00e9s \u00e0 les consulter de mani\u00e8re r\u00e9guli\u00e8re. Description des services fournis Le site https:\/\/glass-restore.be\/ a pour objet [&hellip;]<\/p>","protected":false},"author":1,"featured_media":0,"parent":0,"menu_order":0,"comment_status":"closed","ping_status":"closed","template":"","meta":{"footnotes":""},"class_list":["post-1139","page","type-page","status-publish","hentry"],"_links":{"self":[{"href":"https:\/\/glass-restore.be\/nl\/wp-json\/wp\/v2\/pages\/1139","targetHints":{"allow":["GET"]}}],"collection":[{"href":"https:\/\/glass-restore.be\/nl\/wp-json\/wp\/v2\/pages"}],"about":[{"href":"https:\/\/glass-restore.be\/nl\/wp-json\/wp\/v2\/types\/page"}],"author":[{"embeddable":true,"href":"https:\/\/glass-restore.be\/nl\/wp-json\/wp\/v2\/users\/1"}],"replies":[{"embeddable":true,"href":"https:\/\/glass-restore.be\/nl\/wp-json\/wp\/v2\/comments?post=1139"}],"version-history":[{"count":0,"href":"https:\/\/glass-restore.be\/nl\/wp-json\/wp\/v2\/pages\/1139\/revisions"}],"wp:attachment":[{"href":"https:\/\/glass-restore.be\/nl\/wp-json\/wp\/v2\/media?parent=1139"}],"curies":[{"name":"wp","href":"https:\/\/api.w.org\/{rel}","templated":true}]}}