{"id":1172,"date":"2024-11-21T13:09:39","date_gmt":"2024-11-21T12:09:39","guid":{"rendered":"https:\/\/glass-restore.top-energiedin.com\/?page_id=1172"},"modified":"2025-02-11T08:59:24","modified_gmt":"2025-02-11T08:59:24","slug":"juridische-informatie","status":"publish","type":"page","link":"https:\/\/glass-restore.be\/nl\/juridische-informatie\/","title":{"rendered":"Juridische informatie"},"content":{"rendered":"<div data-elementor-type=\"wp-page\" data-elementor-id=\"1172\" class=\"elementor elementor-1172\" data-elementor-post-type=\"page\">\n\t\t\t\t<div class=\"elementor-element elementor-element-f44e3dd e-flex e-con-boxed e-con e-parent\" data-id=\"f44e3dd\" data-element_type=\"container\" data-e-type=\"container\" data-settings=\"{&quot;background_background&quot;:&quot;classic&quot;}\">\n\t\t\t\t\t<div class=\"e-con-inner\">\n\t\t\t\t<div class=\"elementor-element elementor-element-048b3f3 elementor-widget elementor-widget-heading\" data-id=\"048b3f3\" data-element_type=\"widget\" data-e-type=\"widget\" data-widget_type=\"heading.default\">\n\t\t\t\t<div class=\"elementor-widget-container\">\n\t\t\t\t\t<div class=\"elementor-heading-title elementor-size-default\">GLAS HERSTELLEN<\/div>\t\t\t\t<\/div>\n\t\t\t\t<\/div>\n\t\t\t\t<div class=\"elementor-element elementor-element-eff4bb6 elementor-widget elementor-widget-heading\" data-id=\"eff4bb6\" data-element_type=\"widget\" data-e-type=\"widget\" data-widget_type=\"heading.default\">\n\t\t\t\t<div class=\"elementor-widget-container\">\n\t\t\t\t\t<h1 class=\"elementor-heading-title elementor-size-default\">Juridische informatie<\/h1>\t\t\t\t<\/div>\n\t\t\t\t<\/div>\n\t\t\t\t\t<\/div>\n\t\t\t\t<\/div>\n\t\t<div class=\"elementor-element elementor-element-d0d8fde e-flex e-con-boxed e-con e-parent\" data-id=\"d0d8fde\" data-element_type=\"container\" data-e-type=\"container\">\n\t\t\t\t\t<div class=\"e-con-inner\">\n\t\t<div class=\"elementor-element elementor-element-beb096b e-con-full e-flex e-con e-child\" data-id=\"beb096b\" data-element_type=\"container\" data-e-type=\"container\">\n\t\t\t\t<div class=\"elementor-element elementor-element-3ada996 elementor-widget__width-initial elementor-widget elementor-widget-heading\" data-id=\"3ada996\" data-element_type=\"widget\" data-e-type=\"widget\" data-widget_type=\"heading.default\">\n\t\t\t\t<div class=\"elementor-widget-container\">\n\t\t\t\t\t<div class=\"elementor-heading-title elementor-size-default\">Wettelijke kennisgeving GLASS RESTORE<\/div>\t\t\t\t<\/div>\n\t\t\t\t<\/div>\n\t\t\t\t<div class=\"elementor-element elementor-element-a12a3f5 elementor-widget elementor-widget-text-editor\" data-id=\"a12a3f5\" data-element_type=\"widget\" data-e-type=\"widget\" data-widget_type=\"text-editor.default\">\n\t\t\t\t<div class=\"elementor-widget-container\">\n\t\t\t\t\t\t\t\t\t<figure class=\"wp-block-table\"><table><tbody><tr><td>Bedrijfsnaam<\/td><td>GLASS RESTORE srl<\/td><\/tr><tr><td>Juridische status<\/td><td>SRL<\/td><\/tr><tr><td>Volledige naam voorzitter<\/td><td>David Cebrian<\/td><\/tr><tr><td>Hoofdkantoor<\/td><td>Pierre Delannoyplein 50, 7850 Enghien<\/td><\/tr><tr><td>Postcode<\/td><td>7850<\/td><\/tr><tr><td>Stad<\/td><td>Enghien<\/td><\/tr><tr><td>Land<\/td><td>Belgi\u00eb<\/td><\/tr><tr><td>Telefoon<\/td><td><p><a href=\"tel:%20+32%202%20376%2095%2065\"><span class=\"elementor-icon-list-text\">+32 2 376 95 65<\/span><\/a><\/p><\/td><\/tr><tr><td>Website<\/td><td><a href=\"\/nl\/\">https:\/\/glass-restore.be\/<\/a><\/td><\/tr><tr><td>E-mail<\/td><td><a href=\"mailto:info@glass-restore.be\"><span class=\"elementor-icon-list-text\">info@glass-restore.be<\/span><\/a><\/td><\/tr><tr><td>Bedrijfsnummer<\/td><td>0781.604.125<\/td><\/tr><tr><td>RCS-registratie, BTW-nummer<\/td><td>BTW : BE 0781.604.125<\/td><\/tr><\/tbody><\/table><\/figure>\t\t\t\t\t\t\t\t<\/div>\n\t\t\t\t<\/div>\n\t\t\t\t<\/div>\n\t\t\t\t\t<\/div>\n\t\t\t\t<\/div>\n\t\t\t\t<\/div>","protected":false},"excerpt":{"rendered":"<p>GLASS RESTORE Mentions L\u00e9gales Mentions L\u00e9gales\u200b GLASS RESTORE Raison sociale GLASS RESTORE srl Statut juridique SRL Nom et pr\u00e9nom du pr\u00e9sident David Cebrian Si\u00e8ge social Place Pierre Delannoy 50, 7850 Enghien Code postal 7850 Ville Enghien Pays Belgique T\u00e9l\u00e9phone +32 2 376 95 65 Site web https:\/\/glass-restore.be\/ E-mail info@glass-restore.be Num entreprise 0781.604.125 Immatriculation au RCS, [&hellip;]<\/p>","protected":false},"author":1,"featured_media":0,"parent":0,"menu_order":0,"comment_status":"closed","ping_status":"closed","template":"","meta":{"footnotes":""},"class_list":["post-1172","page","type-page","status-publish","hentry"],"_links":{"self":[{"href":"https:\/\/glass-restore.be\/nl\/wp-json\/wp\/v2\/pages\/1172","targetHints":{"allow":["GET"]}}],"collection":[{"href":"https:\/\/glass-restore.be\/nl\/wp-json\/wp\/v2\/pages"}],"about":[{"href":"https:\/\/glass-restore.be\/nl\/wp-json\/wp\/v2\/types\/page"}],"author":[{"embeddable":true,"href":"https:\/\/glass-restore.be\/nl\/wp-json\/wp\/v2\/users\/1"}],"replies":[{"embeddable":true,"href":"https:\/\/glass-restore.be\/nl\/wp-json\/wp\/v2\/comments?post=1172"}],"version-history":[{"count":0,"href":"https:\/\/glass-restore.be\/nl\/wp-json\/wp\/v2\/pages\/1172\/revisions"}],"wp:attachment":[{"href":"https:\/\/glass-restore.be\/nl\/wp-json\/wp\/v2\/media?parent=1172"}],"curies":[{"name":"wp","href":"https:\/\/api.w.org\/{rel}","templated":true}]}}